{"id":11310,"date":"2025-10-30T18:39:38","date_gmt":"2025-10-30T18:39:38","guid":{"rendered":"https:\/\/puelopatagonia.cl\/?page_id=11310"},"modified":"2025-11-17T19:32:24","modified_gmt":"2025-11-17T19:32:24","slug":"postulacionvoluntariado","status":"publish","type":"page","link":"https:\/\/puelopatagonia.cl\/en\/postulacionvoluntariado\/","title":{"rendered":"Postulacion Voluntariado"},"content":{"rendered":"<div data-elementor-type=\"wp-page\" data-elementor-id=\"11310\" class=\"elementor elementor-11310\" data-elementor-post-type=\"page\">\n\t\t\t\t\t\t<section class=\"elementor-section elementor-top-section elementor-element elementor-element-6604c229 elementor-section-height-min-height elementor-section-content-middle elementor-hidden-tablet elementor-hidden-mobile elementor-section-boxed elementor-section-height-default elementor-section-items-middle\" data-id=\"6604c229\" data-element_type=\"section\" data-e-type=\"section\" data-settings=\"{&quot;background_background&quot;:&quot;classic&quot;}\">\n\t\t\t\t\t\t\t<div class=\"elementor-background-overlay\"><\/div>\n\t\t\t\t\t\t\t<div class=\"elementor-container elementor-column-gap-default\">\n\t\t\t\t\t<div class=\"elementor-column elementor-col-100 elementor-top-column elementor-element elementor-element-12558420\" data-id=\"12558420\" data-element_type=\"column\" data-e-type=\"column\">\n\t\t\t<div class=\"elementor-widget-wrap elementor-element-populated\">\n\t\t\t\t\t\t<div class=\"elementor-element elementor-element-7be38525 elementor-widget elementor-widget-heading\" data-id=\"7be38525\" data-element_type=\"widget\" data-e-type=\"widget\" data-widget_type=\"heading.default\">\n\t\t\t\t<div class=\"elementor-widget-container\">\n\t\t\t\t\t<h1 class=\"elementor-heading-title elementor-size-default\">\u00a1POSTULA AL VOLUNTARIADO CORDILLERA PUELO 2026!<\/h1>\t\t\t\t<\/div>\n\t\t\t\t<\/div>\n\t\t\t\t<div class=\"elementor-element elementor-element-2c811ef5 elementor-widget elementor-widget-image\" data-id=\"2c811ef5\" data-element_type=\"widget\" data-e-type=\"widget\" data-widget_type=\"image.default\">\n\t\t\t\t<div class=\"elementor-widget-container\">\n\t\t\t\t\t\t\t\t\t\t\t\t\t\t\t<img loading=\"lazy\" decoding=\"async\" width=\"442\" height=\"44\" src=\"https:\/\/i0.wp.com\/puelopatagonia.cl\/wp-content\/uploads\/2024\/10\/ONDAS-blancas.png?fit=442%2C44&amp;ssl=1\" class=\"attachment-large size-large wp-image-5766\" alt=\"\" srcset=\"https:\/\/i0.wp.com\/puelopatagonia.cl\/wp-content\/uploads\/2024\/10\/ONDAS-blancas.png?w=442&amp;ssl=1 442w, https:\/\/i0.wp.com\/puelopatagonia.cl\/wp-content\/uploads\/2024\/10\/ONDAS-blancas.png?resize=300%2C30&amp;ssl=1 300w, https:\/\/i0.wp.com\/puelopatagonia.cl\/wp-content\/uploads\/2024\/10\/ONDAS-blancas.png?resize=18%2C2&amp;ssl=1 18w\" sizes=\"auto, (max-width: 442px) 100vw, 442px\" \/>\t\t\t\t\t\t\t\t\t\t\t\t\t\t\t<\/div>\n\t\t\t\t<\/div>\n\t\t\t\t\t<\/div>\n\t\t<\/div>\n\t\t\t\t\t<\/div>\n\t\t<\/section>\n\t\t\t\t<section class=\"elementor-section elementor-top-section elementor-element elementor-element-0e62f3d elementor-section-height-min-height elementor-section-content-middle elementor-hidden-desktop elementor-section-boxed elementor-section-height-default elementor-section-items-middle\" data-id=\"0e62f3d\" data-element_type=\"section\" data-e-type=\"section\" data-settings=\"{&quot;background_background&quot;:&quot;classic&quot;}\">\n\t\t\t\t\t\t\t<div class=\"elementor-background-overlay\"><\/div>\n\t\t\t\t\t\t\t<div class=\"elementor-container elementor-column-gap-default\">\n\t\t\t\t\t<div class=\"elementor-column elementor-col-100 elementor-top-column elementor-element elementor-element-9aca393\" data-id=\"9aca393\" data-element_type=\"column\" data-e-type=\"column\">\n\t\t\t<div class=\"elementor-widget-wrap elementor-element-populated\">\n\t\t\t\t\t\t<div class=\"elementor-element elementor-element-f54740c elementor-widget-mobile__width-initial elementor-widget elementor-widget-heading\" data-id=\"f54740c\" data-element_type=\"widget\" data-e-type=\"widget\" data-widget_type=\"heading.default\">\n\t\t\t\t<div class=\"elementor-widget-container\">\n\t\t\t\t\t<h1 class=\"elementor-heading-title elementor-size-default\">\u00a1POSTULA AL VOLUNTARIADO CORDILLERA PUELO 2026!<\/h1>\t\t\t\t<\/div>\n\t\t\t\t<\/div>\n\t\t\t\t<div class=\"elementor-element elementor-element-9879e5e elementor-widget elementor-widget-image\" data-id=\"9879e5e\" data-element_type=\"widget\" data-e-type=\"widget\" data-widget_type=\"image.default\">\n\t\t\t\t<div class=\"elementor-widget-container\">\n\t\t\t\t\t\t\t\t\t\t\t\t\t\t\t<img loading=\"lazy\" decoding=\"async\" width=\"442\" height=\"44\" src=\"https:\/\/i0.wp.com\/puelopatagonia.cl\/wp-content\/uploads\/2024\/10\/ONDAS-blancas.png?fit=442%2C44&amp;ssl=1\" class=\"attachment-large size-large wp-image-5766\" alt=\"\" srcset=\"https:\/\/i0.wp.com\/puelopatagonia.cl\/wp-content\/uploads\/2024\/10\/ONDAS-blancas.png?w=442&amp;ssl=1 442w, https:\/\/i0.wp.com\/puelopatagonia.cl\/wp-content\/uploads\/2024\/10\/ONDAS-blancas.png?resize=300%2C30&amp;ssl=1 300w, https:\/\/i0.wp.com\/puelopatagonia.cl\/wp-content\/uploads\/2024\/10\/ONDAS-blancas.png?resize=18%2C2&amp;ssl=1 18w\" sizes=\"auto, (max-width: 442px) 100vw, 442px\" \/>\t\t\t\t\t\t\t\t\t\t\t\t\t\t\t<\/div>\n\t\t\t\t<\/div>\n\t\t\t\t\t<\/div>\n\t\t<\/div>\n\t\t\t\t\t<\/div>\n\t\t<\/section>\n\t\t<div class=\"elementor-element elementor-element-c0f4139 elementor-hidden-tablet elementor-hidden-mobile e-flex e-con-boxed e-con e-parent\" data-id=\"c0f4139\" data-element_type=\"container\" data-e-type=\"container\">\n\t\t\t\t\t<div class=\"e-con-inner\">\n\t\t\t\t<div class=\"elementor-element elementor-element-d81a52b elementor-widget elementor-widget-spacer\" data-id=\"d81a52b\" data-element_type=\"widget\" data-e-type=\"widget\" data-widget_type=\"spacer.default\">\n\t\t\t\t<div class=\"elementor-widget-container\">\n\t\t\t\t\t\t\t<div class=\"elementor-spacer\">\n\t\t\t<div class=\"elementor-spacer-inner\"><\/div>\n\t\t<\/div>\n\t\t\t\t\t\t<\/div>\n\t\t\t\t<\/div>\n\t\t\t\t\t<\/div>\n\t\t\t\t<\/div>\n\t\t<div class=\"elementor-element elementor-element-7f0f9b3 e-flex e-con-boxed e-con e-parent\" data-id=\"7f0f9b3\" data-element_type=\"container\" data-e-type=\"container\">\n\t\t\t\t\t<div class=\"e-con-inner\">\n\t\t\t\t<div class=\"elementor-element elementor-element-64097ff elementor-widget__width-initial elementor-widget elementor-widget-heading\" data-id=\"64097ff\" data-element_type=\"widget\" data-e-type=\"widget\" data-widget_type=\"heading.default\">\n\t\t\t\t<div class=\"elementor-widget-container\">\n\t\t\t\t\t<h3 class=\"elementor-heading-title elementor-size-default\">\nLa ONG Puelo Patagonia, en conjunto con un grupo de familias de la comuna de Cocham\u00f3, te invitan a participar en la quinta versi\u00f3n del Voluntariado Rural Cordillera Puelo.\n<\/h3>\t\t\t\t<\/div>\n\t\t\t\t<\/div>\n\t\t\t\t<div class=\"elementor-element elementor-element-dedcf16 elementor-widget__width-initial elementor-widget elementor-widget-text-editor\" data-id=\"dedcf16\" data-element_type=\"widget\" data-e-type=\"widget\" data-widget_type=\"text-editor.default\">\n\t\t\t\t<div class=\"elementor-widget-container\">\n\t\t\t\t\t\t\t\t\t<p>Esta experiencia busca generar un espacio de aprendizaje e intercambio cultural, que ponga en valor la riqueza cultural de la vida en el campo y que permita generar lazos duraderos entre las comunidades locales y voluntarios. Adem\u00e1s, responde a la necesidad de apoyar a familias y adultos mayores que durante el verano preparan los insumos que los acompa\u00f1ar\u00e1n en el invierno.<\/p><p><b>Importante<\/b>: antes de postular, revisa atentamente las bases que encontrar\u00e1s a continuaci\u00f3n. Al enviar tu postulaci\u00f3n, entenderemos que aceptas los t\u00e9rminos y condiciones del programa.<\/p>\t\t\t\t\t\t\t\t<\/div>\n\t\t\t\t<\/div>\n\t\t\t\t<div class=\"elementor-element elementor-element-a362717 elementor-widget elementor-widget-image\" data-id=\"a362717\" data-element_type=\"widget\" data-e-type=\"widget\" data-widget_type=\"image.default\">\n\t\t\t\t<div class=\"elementor-widget-container\">\n\t\t\t\t\t\t\t\t\t\t\t\t\t\t\t<img loading=\"lazy\" decoding=\"async\" width=\"800\" height=\"619\" src=\"https:\/\/i0.wp.com\/puelopatagonia.cl\/wp-content\/uploads\/2025\/08\/foto-2-e1756482017240.png?fit=800%2C619&amp;ssl=1\" class=\"attachment-large size-large wp-image-11141\" alt=\"\" srcset=\"https:\/\/i0.wp.com\/puelopatagonia.cl\/wp-content\/uploads\/2025\/08\/foto-2-e1756482017240.png?w=1080&amp;ssl=1 1080w, https:\/\/i0.wp.com\/puelopatagonia.cl\/wp-content\/uploads\/2025\/08\/foto-2-e1756482017240.png?resize=300%2C232&amp;ssl=1 300w, https:\/\/i0.wp.com\/puelopatagonia.cl\/wp-content\/uploads\/2025\/08\/foto-2-e1756482017240.png?resize=1024%2C792&amp;ssl=1 1024w, https:\/\/i0.wp.com\/puelopatagonia.cl\/wp-content\/uploads\/2025\/08\/foto-2-e1756482017240.png?resize=768%2C594&amp;ssl=1 768w, https:\/\/i0.wp.com\/puelopatagonia.cl\/wp-content\/uploads\/2025\/08\/foto-2-e1756482017240.png?resize=16%2C12&amp;ssl=1 16w\" sizes=\"auto, (max-width: 800px) 100vw, 800px\" \/>\t\t\t\t\t\t\t\t\t\t\t\t\t\t\t<\/div>\n\t\t\t\t<\/div>\n\t\t\t\t<div class=\"elementor-element elementor-element-a909dca elementor-widget elementor-widget-menu-anchor\" data-id=\"a909dca\" data-element_type=\"widget\" data-e-type=\"widget\" data-widget_type=\"menu-anchor.default\">\n\t\t\t\t<div class=\"elementor-widget-container\">\n\t\t\t\t\t\t\t<div class=\"elementor-menu-anchor\" id=\"bases\"><\/div>\n\t\t\t\t\t\t<\/div>\n\t\t\t\t<\/div>\n\t\t\t\t<div class=\"elementor-element elementor-element-58866f9 elementor-widget elementor-widget-heading\" data-id=\"58866f9\" data-element_type=\"widget\" data-e-type=\"widget\" data-widget_type=\"heading.default\">\n\t\t\t\t<div class=\"elementor-widget-container\">\n\t\t\t\t\t<h1 class=\"elementor-heading-title elementor-size-default\">Bases del programa<\/h1>\t\t\t\t<\/div>\n\t\t\t\t<\/div>\n\t\t\t\t<div class=\"elementor-element elementor-element-a9de92d elementor-widget__width-initial elementor-widget-mobile__width-initial elementor-widget elementor-widget-text-editor\" data-id=\"a9de92d\" data-element_type=\"widget\" data-e-type=\"widget\" data-widget_type=\"text-editor.default\">\n\t\t\t\t<div class=\"elementor-widget-container\">\n\t\t\t\t\t\t\t\t\t<p><strong>\u00bfQu\u00e9 es el Voluntariado Cordillera Puelo?<\/strong><br \/>El programa consiste en acompa\u00f1ar a familias de la zona y colaborar en sus labores cotidianas de campo, tales como:<\/p><p>&#8211; Trabajo en la huerta.<\/p><p>&#8211; Recolecci\u00f3n de le\u00f1a.<\/p><p>&#8211; Reparaciones menores.<\/p><p>&#8211; Arreo de animales, entre otras tareas.<\/p><p>Cada familia anfitriona recibir\u00e1 a dos voluntarios, quienes convivir\u00e1n con ella y colaborar\u00e1n en sus labores cotidianas durante 21 d\u00edas.<\/p><p><strong>\u00bfQu\u00e9 incluye el programa?<\/strong><\/p><p><span style=\"text-decoration: underline;\">Gastos incluidos:<\/span><\/p><p>&#8211; Alimentaci\u00f3n y alojamiento durante el programa de voluntariado.<\/p><p>&#8211; Traslado desde Llanada Grande o Cocham\u00f3 hacia el lugar de estad\u00eda del voluntariado (sujeto a ubicaci\u00f3n de la familia asignada).<\/p><p><span style=\"text-decoration: underline;\">Gastos no incluidos:<\/span><\/p><p>&#8211; Traslados, alimentaci\u00f3n y alojamientos previos al inicio del programa y posteriores al t\u00e9rmino del mismo.<\/p>\t\t\t\t\t\t\t\t<\/div>\n\t\t\t\t<\/div>\n\t\t\t\t<div class=\"elementor-element elementor-element-2cda2cf elementor-widget elementor-widget-heading\" data-id=\"2cda2cf\" data-element_type=\"widget\" data-e-type=\"widget\" data-widget_type=\"heading.default\">\n\t\t\t\t<div class=\"elementor-widget-container\">\n\t\t\t\t\t<h1 class=\"elementor-heading-title elementor-size-default\">CALENDARIO DEL PROGRAMA<\/h1>\t\t\t\t<\/div>\n\t\t\t\t<\/div>\n\t\t\t\t<div class=\"elementor-element elementor-element-9671722 elementor-widget__width-initial elementor-widget-mobile__width-initial elementor-widget elementor-widget-text-editor\" data-id=\"9671722\" data-element_type=\"widget\" data-e-type=\"widget\" data-widget_type=\"text-editor.default\">\n\t\t\t\t<div class=\"elementor-widget-container\">\n\t\t\t\t\t\t\t\t\t<p><strong>Postulaci\u00f3n: <\/strong>3 al 17 de noviembre<\/p><p><strong>Evaluaci\u00f3n de las solicitudes: <\/strong>18 noviembre al 7 de diciembre<\/p><p><strong>Aviso de preselecci\u00f3n: <\/strong>8 al 10 de diciembre<\/p><p><strong>Inicio voluntariado: <\/strong>19 de enero<\/p><p><strong>Fin voluntariado:<\/strong> 10 de febrero<\/p>\t\t\t\t\t\t\t\t<\/div>\n\t\t\t\t<\/div>\n\t\t\t\t<div class=\"elementor-element elementor-element-e09f314 elementor-widget elementor-widget-heading\" data-id=\"e09f314\" data-element_type=\"widget\" data-e-type=\"widget\" data-widget_type=\"heading.default\">\n\t\t\t\t<div class=\"elementor-widget-container\">\n\t\t\t\t\t<h1 class=\"elementor-heading-title elementor-size-default\">\u00bfQui\u00e9nes pueden participar?<\/h1>\t\t\t\t<\/div>\n\t\t\t\t<\/div>\n\t\t\t\t<div class=\"elementor-element elementor-element-d57a60f elementor-widget__width-initial elementor-widget-mobile__width-initial elementor-widget elementor-widget-text-editor\" data-id=\"d57a60f\" data-element_type=\"widget\" data-e-type=\"widget\" data-widget_type=\"text-editor.default\">\n\t\t\t\t<div class=\"elementor-widget-container\">\n\t\t\t\t\t\t\t\t\t<p><strong>Perfil postulante<\/strong><br \/>Personas mayores de 18 a\u00f1os con pasi\u00f3n por el medio ambiente, el trabajo de campo y el contacto con la naturaleza, con disposici\u00f3n, capacidad de trabajo en equipo y altos est\u00e1ndares de responsabilidad.<\/p><p><strong>Requisitos<\/strong><\/p><p>&#8211; Ser mayor de 18 de a\u00f1os.<br \/>&#8211; Salud compatible con la actividad: no tener enfermedades cr\u00f3nicas de pulm\u00f3n, coraz\u00f3n, diabetes o ser paciente inmunodeprimido.<br \/>&#8211; Tener seguro de salud vigente (Fonasa, Isapre u otro)<br \/>&#8211; Tener experiencia en actividades al aire libre y el campo.<br \/>&#8211; Sentir pasi\u00f3n por el cuidado del medio ambiente.<br \/>&#8211; Tener disponibilidad de participar en las fechas indicadas.<br \/>&#8211; Tener disponibilidad para participar de un taller inductor previo al inicio de las actividades sobre normas y protocolos a cumplir durante el periodo de trabajo.<br \/>&#8211; Contar con art\u00edculos b\u00e1sicos de equipamiento: carpa, colchoneta, saco, platos, utensilios personales de cocina, linterna, ropa adecuada.<br \/>&#8211; Hablar espa\u00f1ol fluido.<\/p>\t\t\t\t\t\t\t\t<\/div>\n\t\t\t\t<\/div>\n\t\t\t\t<div class=\"elementor-element elementor-element-168f28c elementor-widget elementor-widget-heading\" data-id=\"168f28c\" data-element_type=\"widget\" data-e-type=\"widget\" data-widget_type=\"heading.default\">\n\t\t\t\t<div class=\"elementor-widget-container\">\n\t\t\t\t\t<h1 class=\"elementor-heading-title elementor-size-default\">Proceso de postulaci\u00f3n<\/h1>\t\t\t\t<\/div>\n\t\t\t\t<\/div>\n\t\t\t\t<div class=\"elementor-element elementor-element-a59781a elementor-widget__width-initial elementor-widget-mobile__width-initial elementor-widget elementor-widget-text-editor\" data-id=\"a59781a\" data-element_type=\"widget\" data-e-type=\"widget\" data-widget_type=\"text-editor.default\">\n\t\t\t\t<div class=\"elementor-widget-container\">\n\t\t\t\t\t\t\t\t\t<p><strong>1. Revisa las bases. (<a href=\"https:\/\/puelopatagonia.cl\/wp-content\/uploads\/2025\/11\/Bases-y-Anexos-Voluntariado-2026.docx.pdf\">ver bases<\/a>)<\/strong><\/p><p><strong>2. Completa el Formulario de Postulaci\u00f3n (<a href=\"https:\/\/docs.google.com\/forms\/d\/e\/1FAIpQLSfk2nRVl21je60hSRCiS0G1e9daxceN0YLydPihw6uV9AINiQ\/viewform?usp=sharing&amp;ouid=108504702018436191701\" target=\"_blank\" rel=\"noopener\">formulario<\/a>)<\/strong><\/p><p><strong>3.<\/strong> Espera la respuesta entre el <strong>8 y el 10 de diciembre.<\/strong><\/p><p><strong>4.<\/strong> Si quedas preseleccionado\/a, deber\u00e1s enviar:<\/p><ul><li>Ficha de antecedentes personales (Anexo 1)<\/li><li>Carta de aceptaci\u00f3n de bases (Anexo 2)<\/li><li>Documento de exenci\u00f3n de responsabilidades (Anexo 3)<\/li><li>Autorizaci\u00f3n de registro audiovisual\/fotogr\u00e1fico (Anexo 4)<\/li><\/ul><p><strong>5.<\/strong> Asistir a una<strong> entrevista de preselecci\u00f3n.<\/strong><\/p><p><strong>6.<\/strong> Participar en la<strong> reuni\u00f3n obligatoria de capacitaci\u00f3n<\/strong> (modalidad virtual).<\/p><p>\u00a1Recuerda ingresar un <strong>correo electr\u00f3nico v\u00e1lido<\/strong> y activo en el Formulario de Postulaci\u00f3n para que podamos comunicarte los resultados!<\/p>\t\t\t\t\t\t\t\t<\/div>\n\t\t\t\t<\/div>\n\t\t\t\t<div class=\"elementor-element elementor-element-378e086 elementor-widget elementor-widget-heading\" data-id=\"378e086\" data-element_type=\"widget\" data-e-type=\"widget\" data-widget_type=\"heading.default\">\n\t\t\t\t<div class=\"elementor-widget-container\">\n\t\t\t\t\t<h1 class=\"elementor-heading-title elementor-size-default\">\u00bfTienes dudas?\n<\/h1>\t\t\t\t<\/div>\n\t\t\t\t<\/div>\n\t\t\t\t<div class=\"elementor-element elementor-element-cf6b98f elementor-widget__width-initial elementor-widget-mobile__width-initial elementor-widget elementor-widget-text-editor\" data-id=\"cf6b98f\" data-element_type=\"widget\" data-e-type=\"widget\" data-widget_type=\"text-editor.default\">\n\t\t\t\t<div class=\"elementor-widget-container\">\n\t\t\t\t\t\t\t\t\t<p>Write to us at<strong>\u00a0info@puelopatagonia.cl<\/strong> con el asunto \u201c<strong>CONSULTA PROGRAMA DE VOLUNTARIADO<\/strong>\u201d.<\/p>\t\t\t\t\t\t\t\t<\/div>\n\t\t\t\t<\/div>\n\t\t\t\t<div class=\"elementor-element elementor-element-f88db2c elementor-widget elementor-widget-menu-anchor\" data-id=\"f88db2c\" data-element_type=\"widget\" data-e-type=\"widget\" data-widget_type=\"menu-anchor.default\">\n\t\t\t\t<div class=\"elementor-widget-container\">\n\t\t\t\t\t\t\t<div class=\"elementor-menu-anchor\" id=\"formulario\"><\/div>\n\t\t\t\t\t\t<\/div>\n\t\t\t\t<\/div>\n\t\t\t\t<div class=\"elementor-element elementor-element-7f2e271 elementor-widget elementor-widget-heading\" data-id=\"7f2e271\" data-element_type=\"widget\" data-e-type=\"widget\" data-widget_type=\"heading.default\">\n\t\t\t\t<div class=\"elementor-widget-container\">\n\t\t\t\t\t<h3 class=\"elementor-heading-title elementor-size-default\">Postulaciones cerradas, muchas gracias a quienes postularon. Pronto tendremos los resultados<\/h3>\t\t\t\t<\/div>\n\t\t\t\t<\/div>\n\t\t\t\t<div class=\"elementor-element elementor-element-005c82e elementor-widget__width-initial elementor-widget-mobile__width-initial elementor-widget elementor-widget-text-editor\" data-id=\"005c82e\" data-element_type=\"widget\" data-e-type=\"widget\" data-widget_type=\"text-editor.default\">\n\t\t\t\t<div class=\"elementor-widget-container\">\n\t\t\t\t\t\t\t\t\t<p><em>En Puelo Patagonia promovemos un ambiente inclusivo y libre de discriminaci\u00f3n. Nuestro proceso de selecci\u00f3n se rige por principios de igualdad de oportunidades y respeto a la diversidad. Por lo tanto, la mayor\u00eda de las preguntas de este formulario no constituyen criterios de selecci\u00f3n, sino que nos permiten asegurar una buena experiencia de intercambio entre voluntarios y familias.<\/em><\/p>\t\t\t\t\t\t\t\t<\/div>\n\t\t\t\t<\/div>\n\t\t\t\t\t<\/div>\n\t\t\t\t<\/div>\n\t\t\t\t<section class=\"elementor-section elementor-top-section elementor-element elementor-element-4446e65e elementor-section-full_width elementor-section-height-min-height elementor-section-content-middle elementor-section-height-default elementor-section-items-middle elementor-invisible\" data-id=\"4446e65e\" data-element_type=\"section\" data-e-type=\"section\" data-settings=\"{&quot;background_background&quot;:&quot;classic&quot;,&quot;animation&quot;:&quot;fadeIn&quot;}\">\n\t\t\t\t\t\t\t<div class=\"elementor-background-overlay\"><\/div>\n\t\t\t\t\t\t\t<div class=\"elementor-container elementor-column-gap-default\">\n\t\t\t\t\t<div class=\"elementor-column elementor-col-100 elementor-top-column elementor-element elementor-element-229c8d3f\" data-id=\"229c8d3f\" data-element_type=\"column\" data-e-type=\"column\">\n\t\t\t<div class=\"elementor-widget-wrap elementor-element-populated\">\n\t\t\t\t\t\t<div class=\"elementor-element elementor-element-49bfc0c1 elementor-widget elementor-widget-heading\" data-id=\"49bfc0c1\" data-element_type=\"widget\" data-e-type=\"widget\" data-widget_type=\"heading.default\">\n\t\t\t\t<div class=\"elementor-widget-container\">\n\t\t\t\t\t<h2 class=\"elementor-heading-title elementor-size-default\">MAKE THE<br>\nDIFFERENCE<\/h2>\t\t\t\t<\/div>\n\t\t\t\t<\/div>\n\t\t\t\t<div class=\"elementor-element elementor-element-65fcfb1e elementor-widget elementor-widget-text-editor\" data-id=\"65fcfb1e\" data-element_type=\"widget\" data-e-type=\"widget\" data-widget_type=\"text-editor.default\">\n\t\t\t\t<div class=\"elementor-widget-container\">\n\t\t\t\t\t\t\t\t\t<p>Your contribution is essential to preserve the nature and culture of Cocham\u00f3. Join us and help us create a more sustainable future.<b>.<\/b><\/p>\t\t\t\t\t\t\t\t<\/div>\n\t\t\t\t<\/div>\n\t\t\t\t<div class=\"elementor-element elementor-element-6b2531e5 elementor-hidden-tablet elementor-hidden-mobile elementor-widget elementor-widget-spacer\" data-id=\"6b2531e5\" data-element_type=\"widget\" data-e-type=\"widget\" data-widget_type=\"spacer.default\">\n\t\t\t\t<div class=\"elementor-widget-container\">\n\t\t\t\t\t\t\t<div class=\"elementor-spacer\">\n\t\t\t<div class=\"elementor-spacer-inner\"><\/div>\n\t\t<\/div>\n\t\t\t\t\t\t<\/div>\n\t\t\t\t<\/div>\n\t\t\t\t<div class=\"elementor-element elementor-element-1a47713d elementor-align-right elementor-widget__width-initial elementor-mobile-align-left elementor-widget-mobile__width-initial elementor-widget elementor-widget-button\" data-id=\"1a47713d\" data-element_type=\"widget\" data-e-type=\"widget\" data-widget_type=\"button.default\">\n\t\t\t\t<div class=\"elementor-widget-container\">\n\t\t\t\t\t\t\t\t\t<div class=\"elementor-button-wrapper\">\n\t\t\t\t\t<a class=\"elementor-button elementor-button-link elementor-size-sm\" href=\"https:\/\/puelopatagonia.cl\/en\/dona\/\">\n\t\t\t\t\t\t<span class=\"elementor-button-content-wrapper\">\n\t\t\t\t\t\t\t\t\t<span class=\"elementor-button-text\">BECOME A MEMBER<\/span>\n\t\t\t\t\t<\/span>\n\t\t\t\t\t<\/a>\n\t\t\t\t<\/div>\n\t\t\t\t\t\t\t\t<\/div>\n\t\t\t\t<\/div>\n\t\t\t\t<div class=\"elementor-element elementor-element-64715edb elementor-align-center elementor-widget__width-initial elementor-widget elementor-widget-button\" data-id=\"64715edb\" data-element_type=\"widget\" data-e-type=\"widget\" data-widget_type=\"button.default\">\n\t\t\t\t<div class=\"elementor-widget-container\">\n\t\t\t\t\t\t\t\t\t<div class=\"elementor-button-wrapper\">\n\t\t\t\t\t<a class=\"elementor-button elementor-button-link elementor-size-sm\" href=\"https:\/\/puelopatagonia.cl\/en\/dona\/#donacionesunicas\">\n\t\t\t\t\t\t<span class=\"elementor-button-content-wrapper\">\n\t\t\t\t\t\t\t\t\t<span class=\"elementor-button-text\">DONATIONS<\/span>\n\t\t\t\t\t<\/span>\n\t\t\t\t\t<\/a>\n\t\t\t\t<\/div>\n\t\t\t\t\t\t\t\t<\/div>\n\t\t\t\t<\/div>\n\t\t\t\t<div class=\"elementor-element elementor-element-1214fcb4 elementor-align-left elementor-widget__width-initial elementor-mobile-align-right elementor-widget elementor-widget-button\" data-id=\"1214fcb4\" data-element_type=\"widget\" data-e-type=\"widget\" data-widget_type=\"button.default\">\n\t\t\t\t<div class=\"elementor-widget-container\">\n\t\t\t\t\t\t\t\t\t<div class=\"elementor-button-wrapper\">\n\t\t\t\t\t<a class=\"elementor-button elementor-button-link elementor-size-sm\" href=\"https:\/\/puelopatagonia.cl\/en\/dona\/#alianzasestrategicas\">\n\t\t\t\t\t\t<span class=\"elementor-button-content-wrapper\">\n\t\t\t\t\t\t\t\t\t<span class=\"elementor-button-text\">PARTNERSHIPS<\/span>\n\t\t\t\t\t<\/span>\n\t\t\t\t\t<\/a>\n\t\t\t\t<\/div>\n\t\t\t\t\t\t\t\t<\/div>\n\t\t\t\t<\/div>\n\t\t\t\t\t<\/div>\n\t\t<\/div>\n\t\t\t\t\t<\/div>\n\t\t<\/section>\n\t\t\t\t<\/div>","protected":false},"excerpt":{"rendered":"<p>\u00a1POSTULA AL VOLUNTARIADO CORDILLERA PUELO 2026! \u00a1POSTULA AL VOLUNTARIADO CORDILLERA PUELO 2026! La ONG Puelo Patagonia, en conjunto con un grupo de familias de la comuna de Cocham\u00f3, te invitan a participar en la quinta versi\u00f3n del Voluntariado Rural Cordillera Puelo. Esta experiencia busca generar un espacio de aprendizaje e intercambio cultural, que ponga en [&hellip;]<\/p>\n","protected":false},"author":1,"featured_media":0,"parent":0,"menu_order":0,"comment_status":"closed","ping_status":"closed","template":"","meta":{"nf_dc_page":"","footnotes":"","_links_to":"","_links_to_target":""},"class_list":["post-11310","page","type-page","status-publish","hentry"],"jetpack_sharing_enabled":true,"_links":{"self":[{"href":"https:\/\/puelopatagonia.cl\/en\/wp-json\/wp\/v2\/pages\/11310","targetHints":{"allow":["GET"]}}],"collection":[{"href":"https:\/\/puelopatagonia.cl\/en\/wp-json\/wp\/v2\/pages"}],"about":[{"href":"https:\/\/puelopatagonia.cl\/en\/wp-json\/wp\/v2\/types\/page"}],"author":[{"embeddable":true,"href":"https:\/\/puelopatagonia.cl\/en\/wp-json\/wp\/v2\/users\/1"}],"replies":[{"embeddable":true,"href":"https:\/\/puelopatagonia.cl\/en\/wp-json\/wp\/v2\/comments?post=11310"}],"version-history":[{"count":20,"href":"https:\/\/puelopatagonia.cl\/en\/wp-json\/wp\/v2\/pages\/11310\/revisions"}],"predecessor-version":[{"id":11397,"href":"https:\/\/puelopatagonia.cl\/en\/wp-json\/wp\/v2\/pages\/11310\/revisions\/11397"}],"wp:attachment":[{"href":"https:\/\/puelopatagonia.cl\/en\/wp-json\/wp\/v2\/media?parent=11310"}],"curies":[{"name":"wp","href":"https:\/\/api.w.org\/{rel}","templated":true}]}}